{"id":7,"date":"2023-01-30T19:15:43","date_gmt":"2023-01-30T19:15:43","guid":{"rendered":"http:\/\/meetmeinthemorning.de\/?page_id=7"},"modified":"2026-04-02T19:58:15","modified_gmt":"2026-04-02T19:58:15","slug":"start","status":"publish","type":"page","link":"https:\/\/meetmeinthemorning.de\/en\/","title":{"rendered":"home"},"content":{"rendered":"<div data-elementor-type=\"wp-page\" data-elementor-id=\"7\" class=\"elementor elementor-7\" data-elementor-post-type=\"page\">\n\t\t\t\t<div class=\"elementor-element elementor-element-3b2291d e-con-full e-flex e-con e-parent\" data-id=\"3b2291d\" data-element_type=\"container\" data-e-type=\"container\" data-settings=\"{&quot;animation&quot;:&quot;none&quot;,&quot;background_background&quot;:&quot;video&quot;,&quot;background_play_on_mobile&quot;:&quot;yes&quot;}\">\n\t\t<div class=\"elementor-element elementor-element-b5c8893 e-con-full e-flex e-con e-child\" data-id=\"b5c8893\" data-element_type=\"container\" data-e-type=\"container\">\n\t\t\t\t<div class=\"elementor-element elementor-element-f3a514f elementor-widget__width-initial elementor-widget elementor-widget-video\" data-id=\"f3a514f\" data-element_type=\"widget\" data-e-type=\"widget\" data-settings=\"{&quot;video_type&quot;:&quot;hosted&quot;,&quot;autoplay&quot;:&quot;yes&quot;,&quot;play_on_mobile&quot;:&quot;yes&quot;,&quot;mute&quot;:&quot;yes&quot;,&quot;loop&quot;:&quot;yes&quot;}\" data-widget_type=\"video.default\">\n\t\t\t\t<div class=\"elementor-widget-container\">\n\t\t\t\t\t\t\t<div class=\"e-hosted-video elementor-wrapper elementor-open-inline\">\n\t\t\t\t\t<video class=\"elementor-video\" src=\"https:\/\/meetmeinthemorning.de\/wp-content\/uploads\/2023\/04\/Logo-Mobile.mp4\" autoplay=\"\" loop=\"\" muted=\"muted\" playsinline=\"\" controlslist=\"nodownload\" poster=\"https:\/\/meetmeinthemorning.de\/wp-content\/uploads\/2023\/03\/Meet-me-in-the-morning-logo_vorschaltbild.png\"><\/video>\n\t\t\t\t<\/div>\n\t\t\t\t\t\t<\/div>\n\t\t\t\t<\/div>\n\t\t\t\t<\/div>\n\t\t\t\t<\/div>\n\t\t<div class=\"elementor-element elementor-element-233828a e-con-full e-flex e-con e-parent\" data-id=\"233828a\" data-element_type=\"container\" data-e-type=\"container\">\n\t\t<div class=\"elementor-element elementor-element-f7ff8d9 e-con-full e-flex e-con e-child\" data-id=\"f7ff8d9\" data-element_type=\"container\" data-e-type=\"container\" id=\"speisekarte\">\n\t\t\t\t<div class=\"elementor-element elementor-element-28e46a4 elementor-widget__width-inherit elementor-widget-mobile__width-initial elementor-invisible elementor-widget elementor-widget-text-editor\" data-id=\"28e46a4\" data-element_type=\"widget\" data-e-type=\"widget\" data-settings=\"{&quot;_animation&quot;:&quot;fadeInDown&quot;,&quot;_animation_delay&quot;:50}\" data-widget_type=\"text-editor.default\">\n\t\t\t\t<div class=\"elementor-widget-container\">\n\t\t\t\t\t\t\t\t\t<p>Since August 2023<\/p>\t\t\t\t\t\t\t\t<\/div>\n\t\t\t\t<\/div>\n\t\t\t\t<div class=\"elementor-element elementor-element-6fbc4b4 elementor-widget__width-inherit elementor-widget-mobile__width-initial elementor-invisible elementor-widget elementor-widget-text-editor\" data-id=\"6fbc4b4\" data-element_type=\"widget\" data-e-type=\"widget\" data-settings=\"{&quot;_animation&quot;:&quot;fadeInDown&quot;,&quot;_animation_delay&quot;:150}\" data-widget_type=\"text-editor.default\">\n\t\t\t\t<div class=\"elementor-widget-container\">\n\t\t\t\t\t\t\t\t\t<blockquote><p>Mo &#8211; Fr 8.00 &#8211; 16.30<br \/>Sa, So &amp; Feiertags 9.00 &#8211; 16.30<\/p><\/blockquote>\t\t\t\t\t\t\t\t<\/div>\n\t\t\t\t<\/div>\n\t\t\t\t<div class=\"elementor-element elementor-element-10a0c78 elementor-widget__width-inherit elementor-widget-mobile__width-initial elementor-invisible elementor-widget elementor-widget-text-editor\" data-id=\"10a0c78\" data-element_type=\"widget\" data-e-type=\"widget\" data-settings=\"{&quot;_animation&quot;:&quot;fadeInDown&quot;,&quot;_animation_delay&quot;:150}\" data-widget_type=\"text-editor.default\">\n\t\t\t\t<div class=\"elementor-widget-container\">\n\t\t\t\t\t\t\t\t\t<blockquote><p>Wir sind Karfreitag (3.4) &amp; Ostersamstag (4.4) von 9 &#8211; 16.30 mit der Wochenkarte und am Samstag mit einem Osterspezial f\u00fcr euch da.<br \/>Ostersonntag &amp; Ostermontag haben wir geschlossen.<\/p><p><span style=\"text-decoration: underline;\"><span style=\"color: #c2b474; text-decoration: underline;\">Sch\u00f6ne Feiertage euch allen!<\/span><\/span><\/p><\/blockquote>\t\t\t\t\t\t\t\t<\/div>\n\t\t\t\t<\/div>\n\t\t<div class=\"elementor-element elementor-element-f95045c e-con-full e-flex e-con e-child\" data-id=\"f95045c\" data-element_type=\"container\" data-e-type=\"container\">\n\t\t\t\t<div class=\"elementor-element elementor-element-f771741 elementor-widget__width-initial elementor-widget-mobile__width-auto elementor-align-right elementor-widget elementor-widget-button\" data-id=\"f771741\" data-element_type=\"widget\" data-e-type=\"widget\" data-widget_type=\"button.default\">\n\t\t\t\t<div class=\"elementor-widget-container\">\n\t\t\t\t\t\t\t\t\t<div class=\"elementor-button-wrapper\">\n\t\t\t\t\t<a class=\"elementor-button elementor-button-link elementor-size-md\" href=\"https:\/\/meetmeinthemorning.de\/en\/home\/wochenkarte\/\">\n\t\t\t\t\t\t<span class=\"elementor-button-content-wrapper\">\n\t\t\t\t\t\t\t\t\t<span class=\"elementor-button-text\">Wochen- &amp; Feiertags-Karte<\/span>\n\t\t\t\t\t<\/span>\n\t\t\t\t\t<\/a>\n\t\t\t\t<\/div>\n\t\t\t\t\t\t\t\t<\/div>\n\t\t\t\t<\/div>\n\t\t\t\t<div class=\"elementor-element elementor-element-56e2bc9 elementor-widget__width-initial elementor-mobile-align-center elementor-widget-mobile__width-auto elementor-widget elementor-widget-button\" data-id=\"56e2bc9\" data-element_type=\"widget\" data-e-type=\"widget\" data-widget_type=\"button.default\">\n\t\t\t\t<div class=\"elementor-widget-container\">\n\t\t\t\t\t\t\t\t\t<div class=\"elementor-button-wrapper\">\n\t\t\t\t\t<a class=\"elementor-button elementor-button-link elementor-size-md\" href=\"https:\/\/meetmeinthemorning.de\/en\/home\/wochenendkarte\/\">\n\t\t\t\t\t\t<span class=\"elementor-button-content-wrapper\">\n\t\t\t\t\t\t\t\t\t<span class=\"elementor-button-text\">Wochenendkarte<\/span>\n\t\t\t\t\t<\/span>\n\t\t\t\t\t<\/a>\n\t\t\t\t<\/div>\n\t\t\t\t\t\t\t\t<\/div>\n\t\t\t\t<\/div>\n\t\t\t\t<div class=\"elementor-element elementor-element-2297930 elementor-widget__width-initial elementor-align-right elementor-mobile-align-center elementor-widget-mobile__width-auto elementor-widget elementor-widget-button\" data-id=\"2297930\" data-element_type=\"widget\" data-e-type=\"widget\" data-widget_type=\"button.default\">\n\t\t\t\t<div class=\"elementor-widget-container\">\n\t\t\t\t\t\t\t\t\t<div class=\"elementor-button-wrapper\">\n\t\t\t\t\t<a class=\"elementor-button elementor-button-link elementor-size-md\" href=\"https:\/\/meetmeinthemorning.de\/en\/home\/getraenke\/\">\n\t\t\t\t\t\t<span class=\"elementor-button-content-wrapper\">\n\t\t\t\t\t\t\t\t\t<span class=\"elementor-button-text\">Drinks<\/span>\n\t\t\t\t\t<\/span>\n\t\t\t\t\t<\/a>\n\t\t\t\t<\/div>\n\t\t\t\t\t\t\t\t<\/div>\n\t\t\t\t<\/div>\n\t\t\t\t<div class=\"elementor-element elementor-element-57517a4 elementor-widget__width-initial elementor-widget-mobile__width-auto elementor-align-left elementor-widget elementor-widget-button\" data-id=\"57517a4\" data-element_type=\"widget\" data-e-type=\"widget\" data-widget_type=\"button.default\">\n\t\t\t\t<div class=\"elementor-widget-container\">\n\t\t\t\t\t\t\t\t\t<div class=\"elementor-button-wrapper\">\n\t\t\t\t\t<a class=\"elementor-button elementor-button-link elementor-size-md\" href=\"https:\/\/meetmeinthemorning.de\/en\/home\/reservierung\/\">\n\t\t\t\t\t\t<span class=\"elementor-button-content-wrapper\">\n\t\t\t\t\t\t\t\t\t<span class=\"elementor-button-text\">Book a table<\/span>\n\t\t\t\t\t<\/span>\n\t\t\t\t\t<\/a>\n\t\t\t\t<\/div>\n\t\t\t\t\t\t\t\t<\/div>\n\t\t\t\t<\/div>\n\t\t\t\t<\/div>\n\t\t<div class=\"elementor-element elementor-element-34fd6f1 e-con-full elementor-hidden-desktop elementor-hidden-tablet elementor-hidden-mobile e-flex e-con e-child\" data-id=\"34fd6f1\" data-element_type=\"container\" data-e-type=\"container\">\n\t\t\t\t<div class=\"elementor-element elementor-element-be95a06 elementor-widget__width-initial elementor-widget-mobile__width-initial elementor-invisible elementor-widget elementor-widget-text-editor\" data-id=\"be95a06\" data-element_type=\"widget\" data-e-type=\"widget\" data-settings=\"{&quot;_animation&quot;:&quot;fadeInDown&quot;,&quot;_animation_delay&quot;:50}\" data-widget_type=\"text-editor.default\">\n\t\t\t\t<div class=\"elementor-widget-container\">\n\t\t\t\t\t\t\t\t\t<p><b>Wir suchen Verst\u00e4rkung!<\/b> F\u00fcr unser Tagesgesch\u00e4ft von Montag bis Sonntag, sowie f\u00fcr unsere geplanten Wein &amp; Cheese Abende. Bei Interesse hier klicken:<\/p>\t\t\t\t\t\t\t\t<\/div>\n\t\t\t\t<\/div>\n\t\t\t\t<div class=\"elementor-element elementor-element-a4283f0 elementor-widget__width-initial elementor-widget-mobile__width-auto elementor-align-center elementor-widget elementor-widget-button\" data-id=\"a4283f0\" data-element_type=\"widget\" data-e-type=\"widget\" data-widget_type=\"button.default\">\n\t\t\t\t<div class=\"elementor-widget-container\">\n\t\t\t\t\t\t\t\t\t<div class=\"elementor-button-wrapper\">\n\t\t\t\t\t<a class=\"elementor-button elementor-button-link elementor-size-md\" href=\"https:\/\/meetmeinthemorning.de\/en\/bewerbung\/\">\n\t\t\t\t\t\t<span class=\"elementor-button-content-wrapper\">\n\t\t\t\t\t\t\t\t\t<span class=\"elementor-button-text\">Bewerbung<\/span>\n\t\t\t\t\t<\/span>\n\t\t\t\t\t<\/a>\n\t\t\t\t<\/div>\n\t\t\t\t\t\t\t\t<\/div>\n\t\t\t\t<\/div>\n\t\t\t\t<\/div>\n\t\t\t\t<div class=\"elementor-element elementor-element-889b35f elementor-shape-rounded elementor-grid-0 e-grid-align-center elementor-widget elementor-widget-social-icons\" data-id=\"889b35f\" data-element_type=\"widget\" data-e-type=\"widget\" data-widget_type=\"social-icons.default\">\n\t\t\t\t<div class=\"elementor-widget-container\">\n\t\t\t\t\t\t\t<div class=\"elementor-social-icons-wrapper elementor-grid\" role=\"list\">\n\t\t\t\t\t\t\t<span class=\"elementor-grid-item\" role=\"listitem\">\n\t\t\t\t\t<a class=\"elementor-icon elementor-social-icon elementor-social-icon-instagram elementor-animation-pulse elementor-repeater-item-3f37078\" href=\"https:\/\/www.instagram.com\/meetmeinthemorning.hamburg\/\" target=\"_blank\">\n\t\t\t\t\t\t<span class=\"elementor-screen-only\">Instagram<\/span>\n\t\t\t\t\t\t<i aria-hidden=\"true\" class=\"fab fa-instagram\"><\/i>\t\t\t\t\t<\/a>\n\t\t\t\t<\/span>\n\t\t\t\t\t\t\t<span class=\"elementor-grid-item\" role=\"listitem\">\n\t\t\t\t\t<a class=\"elementor-icon elementor-social-icon elementor-social-icon-map-marker-alt elementor-animation-pulse elementor-repeater-item-7643b40\" href=\"https:\/\/maps.app.goo.gl\/HQhvihNsy9frNndF8\" target=\"_blank\">\n\t\t\t\t\t\t<span class=\"elementor-screen-only\">Map-marker-alt<\/span>\n\t\t\t\t\t\t<i aria-hidden=\"true\" class=\"fas fa-map-marker-alt\"><\/i>\t\t\t\t\t<\/a>\n\t\t\t\t<\/span>\n\t\t\t\t\t<\/div>\n\t\t\t\t\t\t<\/div>\n\t\t\t\t<\/div>\n\t\t\t\t<div class=\"elementor-element elementor-element-34db927 elementor-widget elementor-widget-text-editor\" data-id=\"34db927\" data-element_type=\"widget\" data-e-type=\"widget\" data-widget_type=\"text-editor.default\">\n\t\t\t\t<div class=\"elementor-widget-container\">\n\t\t\t\t\t\t\t\t\t<p><a href=\"https:\/\/meetmeinthemorning.de\/en\/kontakt\/\">Contact<\/a><\/p>\t\t\t\t\t\t\t\t<\/div>\n\t\t\t\t<\/div>\n\t\t\t\t<\/div>\n\t\t\t\t<\/div>\n\t\t\t\t<\/div>","protected":false},"excerpt":{"rendered":"<p>https:\/\/meetmeinthemorning.de\/wp-content\/uploads\/2023\/04\/Logo-Mobile.mp4 Seit August 2023 Mo &#8211; Fr 8.00 &#8211; 16.30Sa, So &amp; Feiertags 9.00 &#8211; 16.30 Wir sind Karfreitag (3.4) &amp; Ostersamstag (4.4) von 9 &#8211; 16.30 mit der Wochenkarte und am Samstag mit einem Osterspezial f\u00fcr euch da.Ostersonntag &amp; Ostermontag haben wir geschlossen. Sch\u00f6ne Feiertage euch allen! Wochen- &amp; Feiertags-Karte Wochenendkarte Getr\u00e4nke Reservierung Wir [&hellip;]<\/p>\n","protected":false},"author":1,"featured_media":0,"parent":0,"menu_order":1000,"comment_status":"closed","ping_status":"closed","template":"elementor_header_footer","meta":{"footnotes":""},"class_list":["post-7","page","type-page","status-publish","hentry"],"yoast_head":"<!-- This site is optimized with the Yoast SEO plugin v27.1.1 - https:\/\/yoast.com\/product\/yoast-seo-wordpress\/ -->\n<title>Fr\u00fchst\u00fcckscaf\u00e9 in Hamburg<\/title>\n<meta name=\"description\" content=\"Leckerer Kaffee, mit Liebe belegte Sandwiches, Kuchen, Quiche, Croissants und tolles Fr\u00fchst\u00fcck. Willkommen bei Meet Me In The Morning!\" \/>\n<meta name=\"robots\" content=\"index, follow, max-snippet:-1, max-image-preview:large, max-video-preview:-1\" \/>\n<link rel=\"canonical\" href=\"https:\/\/meetmeinthemorning.de\/en\/\" \/>\n<meta property=\"og:locale\" content=\"en_GB\" \/>\n<meta property=\"og:type\" content=\"article\" \/>\n<meta property=\"og:title\" content=\"Fr\u00fchst\u00fcckscaf\u00e9 in Hamburg\" \/>\n<meta property=\"og:description\" content=\"Leckerer Kaffee, mit Liebe belegte Sandwiches, Kuchen, Quiche, Croissants und tolles Fr\u00fchst\u00fcck. Willkommen bei Meet Me In The Morning!\" \/>\n<meta property=\"og:url\" content=\"https:\/\/meetmeinthemorning.de\/en\/\" \/>\n<meta property=\"og:site_name\" content=\"Meet Me In The Morning\" \/>\n<meta property=\"article:modified_time\" content=\"2026-04-02T19:58:15+00:00\" \/>\n<meta name=\"twitter:card\" content=\"summary_large_image\" \/>\n<meta name=\"twitter:label1\" content=\"Est. reading time\" \/>\n\t<meta name=\"twitter:data1\" content=\"1 minute\" \/>\n<script type=\"application\/ld+json\" class=\"yoast-schema-graph\">{\"@context\":\"https:\/\/schema.org\",\"@graph\":[{\"@type\":\"WebPage\",\"@id\":\"https:\/\/meetmeinthemorning.de\/\",\"url\":\"https:\/\/meetmeinthemorning.de\/\",\"name\":\"Fr\u00fchst\u00fcckscaf\u00e9 in Hamburg\",\"isPartOf\":{\"@id\":\"https:\/\/meetmeinthemorning.de\/#website\"},\"datePublished\":\"2023-01-30T19:15:43+00:00\",\"dateModified\":\"2026-04-02T19:58:15+00:00\",\"description\":\"Leckerer Kaffee, mit Liebe belegte Sandwiches, Kuchen, Quiche, Croissants und tolles Fr\u00fchst\u00fcck. Willkommen bei Meet Me In The Morning!\",\"breadcrumb\":{\"@id\":\"https:\/\/meetmeinthemorning.de\/#breadcrumb\"},\"inLanguage\":\"en-GB\",\"potentialAction\":[{\"@type\":\"ReadAction\",\"target\":[\"https:\/\/meetmeinthemorning.de\/\"]}]},{\"@type\":\"BreadcrumbList\",\"@id\":\"https:\/\/meetmeinthemorning.de\/#breadcrumb\",\"itemListElement\":[{\"@type\":\"ListItem\",\"position\":1,\"name\":\"Home\",\"item\":\"https:\/\/meetmeinthemorning.de\/\"},{\"@type\":\"ListItem\",\"position\":2,\"name\":\"home\"}]},{\"@type\":\"WebSite\",\"@id\":\"https:\/\/meetmeinthemorning.de\/#website\",\"url\":\"https:\/\/meetmeinthemorning.de\/\",\"name\":\"Meet Me In The Morning\",\"description\":\"\",\"publisher\":{\"@id\":\"https:\/\/meetmeinthemorning.de\/#organization\"},\"potentialAction\":[{\"@type\":\"SearchAction\",\"target\":{\"@type\":\"EntryPoint\",\"urlTemplate\":\"https:\/\/meetmeinthemorning.de\/?s={search_term_string}\"},\"query-input\":{\"@type\":\"PropertyValueSpecification\",\"valueRequired\":true,\"valueName\":\"search_term_string\"}}],\"inLanguage\":\"en-GB\"},{\"@type\":\"Organization\",\"@id\":\"https:\/\/meetmeinthemorning.de\/#organization\",\"name\":\"Meet Me In The Morning\",\"url\":\"https:\/\/meetmeinthemorning.de\/\",\"logo\":{\"@type\":\"ImageObject\",\"inLanguage\":\"en-GB\",\"@id\":\"https:\/\/meetmeinthemorning.de\/#\/schema\/logo\/image\/\",\"url\":\"https:\/\/meetmeinthemorning.de\/wp-content\/uploads\/2024\/03\/MEET-ME-IN-THE-MORNING-Logo-1500x1500-1.png\",\"contentUrl\":\"https:\/\/meetmeinthemorning.de\/wp-content\/uploads\/2024\/03\/MEET-ME-IN-THE-MORNING-Logo-1500x1500-1.png\",\"width\":1500,\"height\":1500,\"caption\":\"Meet Me In The Morning\"},\"image\":{\"@id\":\"https:\/\/meetmeinthemorning.de\/#\/schema\/logo\/image\/\"},\"sameAs\":[\"https:\/\/www.instagram.com\/meetmeinthemorning.hamburg\/\"]}]}<\/script>\n<!-- \/ Yoast SEO plugin. -->","yoast_head_json":{"title":"Fr\u00fchst\u00fcckscaf\u00e9 in Hamburg","description":"Leckerer Kaffee, mit Liebe belegte Sandwiches, Kuchen, Quiche, Croissants und tolles Fr\u00fchst\u00fcck. Willkommen bei Meet Me In The Morning!","robots":{"index":"index","follow":"follow","max-snippet":"max-snippet:-1","max-image-preview":"max-image-preview:large","max-video-preview":"max-video-preview:-1"},"canonical":"https:\/\/meetmeinthemorning.de\/en\/","og_locale":"en_GB","og_type":"article","og_title":"Fr\u00fchst\u00fcckscaf\u00e9 in Hamburg","og_description":"Leckerer Kaffee, mit Liebe belegte Sandwiches, Kuchen, Quiche, Croissants und tolles Fr\u00fchst\u00fcck. Willkommen bei Meet Me In The Morning!","og_url":"https:\/\/meetmeinthemorning.de\/en\/","og_site_name":"Meet Me In The Morning","article_modified_time":"2026-04-02T19:58:15+00:00","twitter_card":"summary_large_image","twitter_misc":{"Est. reading time":"1 minute"},"schema":{"@context":"https:\/\/schema.org","@graph":[{"@type":"WebPage","@id":"https:\/\/meetmeinthemorning.de\/","url":"https:\/\/meetmeinthemorning.de\/","name":"Fr\u00fchst\u00fcckscaf\u00e9 in Hamburg","isPartOf":{"@id":"https:\/\/meetmeinthemorning.de\/#website"},"datePublished":"2023-01-30T19:15:43+00:00","dateModified":"2026-04-02T19:58:15+00:00","description":"Leckerer Kaffee, mit Liebe belegte Sandwiches, Kuchen, Quiche, Croissants und tolles Fr\u00fchst\u00fcck. Willkommen bei Meet Me In The Morning!","breadcrumb":{"@id":"https:\/\/meetmeinthemorning.de\/#breadcrumb"},"inLanguage":"en-GB","potentialAction":[{"@type":"ReadAction","target":["https:\/\/meetmeinthemorning.de\/"]}]},{"@type":"BreadcrumbList","@id":"https:\/\/meetmeinthemorning.de\/#breadcrumb","itemListElement":[{"@type":"ListItem","position":1,"name":"Home","item":"https:\/\/meetmeinthemorning.de\/"},{"@type":"ListItem","position":2,"name":"home"}]},{"@type":"WebSite","@id":"https:\/\/meetmeinthemorning.de\/#website","url":"https:\/\/meetmeinthemorning.de\/","name":"Meet Me In The Morning","description":"","publisher":{"@id":"https:\/\/meetmeinthemorning.de\/#organization"},"potentialAction":[{"@type":"SearchAction","target":{"@type":"EntryPoint","urlTemplate":"https:\/\/meetmeinthemorning.de\/?s={search_term_string}"},"query-input":{"@type":"PropertyValueSpecification","valueRequired":true,"valueName":"search_term_string"}}],"inLanguage":"en-GB"},{"@type":"Organization","@id":"https:\/\/meetmeinthemorning.de\/#organization","name":"Meet Me In The Morning","url":"https:\/\/meetmeinthemorning.de\/","logo":{"@type":"ImageObject","inLanguage":"en-GB","@id":"https:\/\/meetmeinthemorning.de\/#\/schema\/logo\/image\/","url":"https:\/\/meetmeinthemorning.de\/wp-content\/uploads\/2024\/03\/MEET-ME-IN-THE-MORNING-Logo-1500x1500-1.png","contentUrl":"https:\/\/meetmeinthemorning.de\/wp-content\/uploads\/2024\/03\/MEET-ME-IN-THE-MORNING-Logo-1500x1500-1.png","width":1500,"height":1500,"caption":"Meet Me In The Morning"},"image":{"@id":"https:\/\/meetmeinthemorning.de\/#\/schema\/logo\/image\/"},"sameAs":["https:\/\/www.instagram.com\/meetmeinthemorning.hamburg\/"]}]}},"_links":{"self":[{"href":"https:\/\/meetmeinthemorning.de\/en\/wp-json\/wp\/v2\/pages\/7","targetHints":{"allow":["GET"]}}],"collection":[{"href":"https:\/\/meetmeinthemorning.de\/en\/wp-json\/wp\/v2\/pages"}],"about":[{"href":"https:\/\/meetmeinthemorning.de\/en\/wp-json\/wp\/v2\/types\/page"}],"author":[{"embeddable":true,"href":"https:\/\/meetmeinthemorning.de\/en\/wp-json\/wp\/v2\/users\/1"}],"replies":[{"embeddable":true,"href":"https:\/\/meetmeinthemorning.de\/en\/wp-json\/wp\/v2\/comments?post=7"}],"version-history":[{"count":1274,"href":"https:\/\/meetmeinthemorning.de\/en\/wp-json\/wp\/v2\/pages\/7\/revisions"}],"predecessor-version":[{"id":5061,"href":"https:\/\/meetmeinthemorning.de\/en\/wp-json\/wp\/v2\/pages\/7\/revisions\/5061"}],"wp:attachment":[{"href":"https:\/\/meetmeinthemorning.de\/en\/wp-json\/wp\/v2\/media?parent=7"}],"curies":[{"name":"wp","href":"https:\/\/api.w.org\/{rel}","templated":true}]}}